{"id":30,"date":"2023-06-21T12:20:00","date_gmt":"2023-06-21T12:20:00","guid":{"rendered":"https:\/\/davasus.de\/?page_id=30"},"modified":"2023-08-08T13:40:59","modified_gmt":"2023-08-08T13:40:59","slug":"kontakt","status":"publish","type":"page","link":"https:\/\/davasus.de\/en\/kontakt\/","title":{"rendered":"Contact form"},"content":{"rendered":"<div data-elementor-type=\"wp-page\" data-elementor-id=\"30\" class=\"elementor elementor-30\">\n\t\t\t\t\t\t<section class=\"elementor-section elementor-top-section elementor-element elementor-element-21e95246 elementor-section-boxed elementor-section-height-default elementor-section-height-default\" data-id=\"21e95246\" data-element_type=\"section\">\n\t\t\t\t\t\t<div class=\"elementor-container elementor-column-gap-default\">\n\t\t\t\t\t<div class=\"elementor-column elementor-col-100 elementor-top-column elementor-element elementor-element-2f2004ab\" data-id=\"2f2004ab\" data-element_type=\"column\">\n\t\t\t<div class=\"elementor-widget-wrap elementor-element-populated\">\n\t\t\t\t\t\t<div class=\"elementor-element elementor-element-423df0ef elementor-widget elementor-widget-text-editor\" data-id=\"423df0ef\" data-element_type=\"widget\" data-widget_type=\"text-editor.default\">\n\t\t\t\t<div class=\"elementor-widget-container\">\n\t\t\t<style>\/*! elementor - v3.23.0 - 05-08-2024 *\/\n.elementor-widget-text-editor.elementor-drop-cap-view-stacked .elementor-drop-cap{background-color:#69727d;color:#fff}.elementor-widget-text-editor.elementor-drop-cap-view-framed .elementor-drop-cap{color:#69727d;border:3px solid;background-color:transparent}.elementor-widget-text-editor:not(.elementor-drop-cap-view-default) .elementor-drop-cap{margin-top:8px}.elementor-widget-text-editor:not(.elementor-drop-cap-view-default) .elementor-drop-cap-letter{width:1em;height:1em}.elementor-widget-text-editor .elementor-drop-cap{float:left;text-align:center;line-height:1;font-size:50px}.elementor-widget-text-editor .elementor-drop-cap-letter{display:inline-block}<\/style>\t\t\t\t<!-- wp:paragraph {\"align\":\"left\"} -->\n<p class=\"has-text-align-left\">You have questions, feedback for the dashboard or an interest in a coorperation? We look forward to an exchange!<\/p>\n<!-- \/wp:paragraph -->\n\n<!-- wp:wpforms\/form-selector {\"clientId\":\"c7a38a38-1eb8-4200-bfd6-1fd013196229\",\"formId\":\"66\",\"buttonSize\":\"large\",\"buttonBorderRadius\":\"40px\",\"buttonBackgroundColor\":\"#0c6885\",\"copyPasteValue\":\"{\\u0022displayTitle\\u0022:false,\\u0022displayDesc\\u0022:false,\\u0022fieldSize\\u0022:\\u0022medium\\u0022,\\u0022fieldBorderRadius\\u0022:\\u00223px\\u0022,\\u0022fieldBackgroundColor\\u0022:\\u0022#ffffff\\u0022,\\u0022fieldBorderColor\\u0022:\\u0022rgba( 0, 0, 0, 0.25 )\\u0022,\\u0022fieldTextColor\\u0022:\\u0022rgba( 0, 0, 0, 0.7 )\\u0022,\\u0022labelSize\\u0022:\\u0022medium\\u0022,\\u0022labelColor\\u0022:\\u0022rgba( 0, 0, 0, 0.85 )\\u0022,\\u0022labelSublabelColor\\u0022:\\u0022rgba( 0, 0, 0, 0.55 )\\u0022,\\u0022labelErrorColor\\u0022:\\u0022#d63637\\u0022,\\u0022buttonSize\\u0022:\\u0022large\\u0022,\\u0022buttonBorderRadius\\u0022:\\u002240px\\u0022,\\u0022buttonBackgroundColor\\u0022:\\u0022#0c6885\\u0022,\\u0022buttonTextColor\\u0022:\\u0022#ffffff\\u0022}\"} \/-->\t\t\t\t\t\t<\/div>\n\t\t\t\t<\/div>\n\t\t\t\t\t<\/div>\n\t\t<\/div>\n\t\t\t\t\t<\/div>\n\t\t<\/section>\n\t\t\t\t<section class=\"elementor-section elementor-top-section elementor-element elementor-element-0eba370 elementor-section-boxed elementor-section-height-default elementor-section-height-default\" data-id=\"0eba370\" data-element_type=\"section\">\n\t\t\t\t\t\t<div class=\"elementor-container elementor-column-gap-default\">\n\t\t\t\t\t<div class=\"elementor-column elementor-col-100 elementor-top-column elementor-element elementor-element-81bdf00\" data-id=\"81bdf00\" data-element_type=\"column\">\n\t\t\t<div class=\"elementor-widget-wrap elementor-element-populated\">\n\t\t\t\t\t\t<div class=\"elementor-element elementor-element-067257b elementor-widget elementor-widget-wpforms\" data-id=\"067257b\" data-element_type=\"widget\" data-widget_type=\"wpforms.default\">\n\t\t\t\t<div class=\"elementor-widget-container\">\n\t\t\t<div class=\"wpforms-container wpforms-container-full wpforms-block wpforms-block-c7a38a38-1eb8-4200-bfd6-1fd013196229 wpforms-render-modern\" id=\"wpforms-66\"><form id=\"wpforms-form-66\" class=\"wpforms-validate wpforms-form wpforms-ajax-form\" data-formid=\"66\" method=\"post\" enctype=\"multipart\/form-data\" action=\"\/en\/wp-json\/wp\/v2\/pages\/30\" data-token=\"8c058a962b5db1e3e9bbd3604b54a84f\" data-token-time=\"1775990072\" data-trp-original-action=\"\/en\/wp-json\/wp\/v2\/pages\/30\"><noscript class=\"wpforms-error-noscript\">Please enable JavaScript in your browser to complete this form.<\/noscript><div id=\"wpforms-error-noscript\" style=\"display: none;\">Please enable JavaScript in your browser to complete this form.<\/div><div class=\"wpforms-field-container\"><div id=\"wpforms-66-field_0-container\" class=\"wpforms-field wpforms-field-name\" data-field-id=\"0\"><label class=\"wpforms-field-label\" for=\"wpforms-66-field_0\">Name <span class=\"wpforms-required-label\" aria-hidden=\"true\">*<\/span><\/label><input type=\"text\" id=\"wpforms-66-field_0\" class=\"wpforms-field-medium wpforms-field-required\" name=\"wpforms[fields][0]\" aria-errormessage=\"wpforms-66-field_0-error\" required><\/div><div id=\"wpforms-66-field_4-container\" class=\"wpforms-field wpforms-field-text\" data-field-id=\"4\"><label class=\"wpforms-field-label\" for=\"wpforms-66-field_4\">Farm\/Company\/Institude<\/label><input type=\"text\" id=\"wpforms-66-field_4\" class=\"wpforms-field-medium\" name=\"wpforms[fields][4]\" aria-errormessage=\"wpforms-66-field_4-error\" ><\/div><div id=\"wpforms-66-field_1-container\" class=\"wpforms-field wpforms-field-email\" data-field-id=\"1\"><label class=\"wpforms-field-label\" for=\"wpforms-66-field_1\">E-Mail <span class=\"wpforms-required-label\" aria-hidden=\"true\">*<\/span><\/label><input type=\"email\" id=\"wpforms-66-field_1\" class=\"wpforms-field-medium wpforms-field-required\" name=\"wpforms[fields][1]\" spellcheck=\"false\" aria-errormessage=\"wpforms-66-field_1-error\" required><\/div><div id=\"wpforms-66-field_2-container\" class=\"wpforms-field wpforms-field-textarea\" data-field-id=\"2\"><label class=\"wpforms-field-label\" for=\"wpforms-66-field_2\">Message <span class=\"wpforms-required-label\" aria-hidden=\"true\">*<\/span><\/label><textarea id=\"wpforms-66-field_2\" class=\"wpforms-field-medium wpforms-field-required\" name=\"wpforms[fields][2]\" aria-errormessage=\"wpforms-66-field_2-error\" required><\/textarea><\/div><div id=\"wpforms-66-field_6-container\" class=\"wpforms-field wpforms-field-checkbox\" data-field-id=\"6\"><fieldset><legend class=\"wpforms-field-label\">Approval <span class=\"wpforms-required-label\" aria-hidden=\"true\">*<\/span><\/legend><ul id=\"wpforms-66-field_6\" class=\"wpforms-field-required\"><li class=\"choice-1 depth-1\"><input type=\"checkbox\" id=\"wpforms-66-field_6_1\" name=\"wpforms[fields][6][]\" value=\"Ich erkl\u00e4re hiermit, dass ich meine Zustimmung zur Erhebung, Verarbeitung, Nutzung und Weitergabe meiner personenbezogenen Daten auf freiwilliger Basis gebe. Ebenso bin ich dar\u00fcber informiert worden, dass ich meine Zustimmung jederzeit ohne f\u00fcr mich nachteilige Folgen f\u00fcr die Zukunft widerrufen kann, ohne dass die Rechtm\u00e4\u00dfigkeit der bis zum Widerruf erfolgten Verarbeitung ber\u00fchrt wird. Somit stimme ich zu, dass meine Angaben aus dem Formular zur Beantwortung meiner Anfrage erhoben und verarbeitet werden.\" aria-errormessage=\"wpforms-66-field_6_1-error\" required><label class=\"wpforms-field-label-inline\" for=\"wpforms-66-field_6_1\">I hereby declare that I give my approval for the collection, processing, use and disclosure of my personal data on a voluntary basis. I have also been informed that I can revoke my consent at any time without any adverse consequences for me in the future, without affecting the legality of the processing carried out up to the revocation. I therefore approval to my details from the form being collected and processed in order to respond to my inquiry.<\/label><\/li><\/ul><\/fieldset><\/div><\/div><!-- .wpforms-field-container --><div class=\"wpforms-recaptcha-container wpforms-is-recaptcha wpforms-is-recaptcha-type-v2\" ><div class=\"g-recaptcha\" data-sitekey=\"6LebESMnAAAAAFnfXAId8aZUhhEfVt5NFokTOHgj\"><\/div><input type=\"text\" name=\"g-recaptcha-hidden\" class=\"wpforms-recaptcha-hidden\" style=\"position:absolute!important;clip:rect(0,0,0,0)!important;height:1px!important;width:1px!important;border:0!important;overflow:hidden!important;padding:0!important;margin:0!important;\" data-rule-recaptcha=\"1\"><\/div><div class=\"wpforms-submit-container\" ><input type=\"hidden\" name=\"wpforms[id]\" value=\"66\"><input type=\"hidden\" name=\"page_title\" value=\"\"><input type=\"hidden\" name=\"page_url\" value=\"https:\/\/davasus.de\/en\/wp-json\/wp\/v2\/pages\/30\"><input type=\"hidden\" name=\"url_referer\" value=\"\"><button type=\"submit\" name=\"wpforms[submit]\" id=\"wpforms-submit-66\" class=\"wpforms-submit elementor-button elementor-button-link elementor-size-lg\" data-alt-text=\"Senden...\" data-submit-text=\"Absenden\" aria-live=\"assertive\" value=\"wpforms-submit\">Send<\/button><img decoding=\"async\" src=\"https:\/\/davasus.de\/wp-content\/plugins\/wpforms-lite\/assets\/images\/submit-spin.svg\" class=\"wpforms-submit-spinner\" style=\"display: none;\" width=\"26\" height=\"26\" alt=\"Loading\"><\/div><input type=\"hidden\" name=\"trp-form-language\" value=\"en\"\/><\/form><\/div>  <!-- .wpforms-container -->\t\t<\/div>\n\t\t\t\t<\/div>\n\t\t\t\t\t<\/div>\n\t\t<\/div>\n\t\t\t\t\t<\/div>\n\t\t<\/section>\n\t\t\t\t<\/div>","protected":false},"excerpt":{"rendered":"<p>You have questions, feedback for the dashboard or an interest in a coorperation? We look forward to an exchange!<\/p>","protected":false},"author":1,"featured_media":0,"parent":0,"menu_order":0,"comment_status":"closed","ping_status":"closed","template":"","meta":[],"_links":{"self":[{"href":"https:\/\/davasus.de\/en\/wp-json\/wp\/v2\/pages\/30"}],"collection":[{"href":"https:\/\/davasus.de\/en\/wp-json\/wp\/v2\/pages"}],"about":[{"href":"https:\/\/davasus.de\/en\/wp-json\/wp\/v2\/types\/page"}],"author":[{"embeddable":true,"href":"https:\/\/davasus.de\/en\/wp-json\/wp\/v2\/users\/1"}],"replies":[{"embeddable":true,"href":"https:\/\/davasus.de\/en\/wp-json\/wp\/v2\/comments?post=30"}],"version-history":[{"count":29,"href":"https:\/\/davasus.de\/en\/wp-json\/wp\/v2\/pages\/30\/revisions"}],"predecessor-version":[{"id":1170,"href":"https:\/\/davasus.de\/en\/wp-json\/wp\/v2\/pages\/30\/revisions\/1170"}],"wp:attachment":[{"href":"https:\/\/davasus.de\/en\/wp-json\/wp\/v2\/media?parent=30"}],"curies":[{"name":"wp","href":"https:\/\/api.w.org\/{rel}","templated":true}]}}